{"id":68,"date":"2020-04-27T10:46:19","date_gmt":"2020-04-27T08:46:19","guid":{"rendered":"http:\/\/abbelen.p3group.de\/?page_id=68"},"modified":"2024-11-20T13:08:42","modified_gmt":"2024-11-20T12:08:42","slug":"imprint","status":"publish","type":"page","link":"https:\/\/abbelen.de\/en\/imprint\/","title":{"rendered":"Imprint"},"content":{"rendered":"<p>[vc_row full_width=&#8221;stretch_row&#8221; el_id=&#8221;section-header&#8221;][vc_column css=&#8221;.vc_custom_1588252206849{background-image: url(https:\/\/abbelen.de\/wp-content\/uploads\/2020\/04\/header-produkte.jpg?id=233) !important;background-position: center !important;background-repeat: no-repeat !important;background-size: cover !important;}&#8221; el_class=&#8221;produktbild&#8221;][\/vc_column][vc_column css=&#8221;.vc_custom_1588252194174{background-image: url(https:\/\/abbelen.de\/wp-content\/uploads\/2020\/04\/header-holz.jpg?id=235) !important;background-position: center !important;background-repeat: no-repeat !important;background-size: cover !important;}&#8221;][vc_row_inner el_class=&#8221;inhalt&#8221;][vc_column_inner el_class=&#8221;text-left text-lg-center&#8221;][vc_custom_heading source=&#8221;post_title&#8221; font_container=&#8221;tag:h1|text_align:left&#8221; use_theme_fonts=&#8221;yes&#8221;][\/vc_column_inner][\/vc_row_inner][\/vc_column][\/vc_row][vc_row el_class=&#8221;main-padding&#8221;][vc_column][vc_column_text el_id=&#8221;datenschutzerklaerung-1&#8243;]<\/p>\n<h2>Address<\/h2>\n<p><strong>Abbelen GmbH<\/strong><br \/>\nAbbelen GmbH<br \/>\nKempener Str. 22<br \/>\n47918 T\u00f6nisvorst\/Germany<br \/>\nPhone: +49 (0) 2156\/9789-0<br \/>\nTelefax: +49 (0) 2156\/9789-33<br \/>\nE-mail: info@abbelen.de<br \/>\nInternet: www.abbelen.de<\/p>\n<p>Represented by:<br \/>\nDr. Dirk Gloy<br \/>\nMichael Boy<\/p>\n<p>Amtsgericht Krefeld, Registernummer: HR B 16341<br \/>\nSales tax identification number according to Sect. 27 a of the Sales Tax Law:<br \/>\nDE312972598<\/p>\n<h3>Copyright<\/h3>\n<p>Das Layout der Homepage, die verwendeten Grafiken und Bilder, sowie die einzelnen Beitr\u00e4ge sind urheberrechtlich gesch\u00fctzt. Alle Rechte, auch die der fotomechanischen Wiedergabe, der Vervielf\u00e4ltigung und der Verbreitung mittels besonderem Verfahren, auch teilweise, beh\u00e4lt sich die Abbelen GmbH vor. F\u00fcr Satzfehler und Richtigkeit der Eintragung \u00fcbernimmt die Abbelen GmbH keine Gew\u00e4hr.<\/p>\n<h3>Liability for Contents<\/h3>\n<p>As service providers, we are liable for own contents of these websites according to Paragraph 7, Sect. 1 German Telemedia Act (TMG). However, according to Paragraphs 8 to 10 German Telemedia Act (TMG), service providers are not obligated to permanently monitor submitted or stored information or to search for evidences that indicate illegal activities.<\/p>\n<p>Legal obligations to removing information or to blocking the use of information remain unchallenged. In this case, liability is only possible at the time of knowledge about a specific violation of law. Illegal contents will be removed immediately at the time we get knowledge of them.<\/p>\n<h3>Liability for Links<\/h3>\n<p>Our offer includes links to external third party websites. We have no influence on the contents of those websites, therefore we cannot guarantee for those contents. Providers or administrators of linked websites are always responsible for their own contents.<\/p>\n<p>The linked websites had been checked for possible violations of law at the time of the establishment of the link. Illegal contents were not detected at the time of the linking. A permanent monitoring of the contents of linked websites cannot be imposed without reasonable indications that there has been a violation of law. Illegal links will be removed immediately at the time we get knowledge of them.<\/p>\n<h3>Copyright<\/h3>\n<p>Contents and compilations published on these websites by the providers are subject to German copyright laws. Reproduction, editing, distribution as well as the use of any kind outside the scope of the copyright law require a written permission of the author or originator. Downloads and copies of these websites are permitted for private use only.<br \/>\nThe commercial use of our contents without permission of the originator is prohibited.<\/p>\n<p>Copyright laws of third parties are respected as long as the contents on these websites do not originate from the provider. Contributions of third parties on this site are indicated as such. However, if you notice any violations of copyright law, please inform us. Such contents will be removed immediately.<\/p>\n<p><em>Source: eRecht24 Disclaimer<\/em>[\/vc_column_text][vc_separator][vc_column_text]Reports on compliance issues can be made to Orth Kluth Rechtsanw\u00e4lte using a whistleblowing hotline. Insofar, Orth Kluth Rechtsanw\u00e4lte acts on behalf of Abbelen GmbH. <a href=\"https:\/\/abbelen.de\/en\/wb-hotline\/\">Further information<\/a>[\/vc_column_text][\/vc_column][\/vc_row]<\/p>\n","protected":false},"excerpt":{"rendered":"<p>[vc_row full_width=&#8221;stretch_row&#8221; el_id=&#8221;section-header&#8221;][vc_column css=&#8221;.vc_custom_1588252206849{background-image: url(https:\/\/abbelen.de\/wp-content\/uploads\/2020\/04\/header-produkte.jpg?id=233) !important;background-position: center !important;background-repeat: no-repeat !important;background-size: cover !important;}&#8221; el_class=&#8221;produktbild&#8221;][\/vc_column][vc_column css=&#8221;.vc_custom_1588252194174{background-image: url(https:\/\/abbelen.de\/wp-content\/uploads\/2020\/04\/header-holz.jpg?id=235) !important;background-position: center !important;background-repeat: no-repeat !important;background-size: cover !important;}&#8221;][vc_row_inner el_class=&#8221;inhalt&#8221;][vc_column_inner el_class=&#8221;text-left text-lg-center&#8221;][vc_custom_heading source=&#8221;post_title&#8221; font_container=&#8221;tag:h1|text_align:left&#8221; use_theme_fonts=&#8221;yes&#8221;][\/vc_column_inner][\/vc_row_inner][\/vc_column][\/vc_row][vc_row el_class=&#8221;main-padding&#8221;][vc_column][vc_column_text el_id=&#8221;datenschutzerklaerung-1&#8243;] Address Abbelen GmbH Abbelen GmbH Kempener Str. 22 47918 T\u00f6nisvorst\/Germany Phone: +49 (0) 2156\/9789-0 Telefax: +49 (0) 2156\/9789-33 E-mail: info@abbelen.de Internet: www.abbelen.de Represented by: Dr. [&hellip;]<\/p>\n","protected":false},"author":1,"featured_media":0,"parent":0,"menu_order":0,"comment_status":"closed","ping_status":"closed","template":"","meta":{"_acf_changed":false,"footnotes":""},"class_list":["post-68","page","type-page","status-publish","hentry"],"acf":[],"yoast_head":"<!-- This site is optimized with the Yoast SEO plugin v22.5 - https:\/\/yoast.com\/wordpress\/plugins\/seo\/ -->\n<title>Imprint - Abbelen GmbH<\/title>\n<meta name=\"robots\" content=\"noindex, follow\" \/>\n<meta property=\"og:locale\" content=\"en_US\" \/>\n<meta property=\"og:type\" content=\"article\" \/>\n<meta property=\"og:title\" content=\"Imprint - Abbelen GmbH\" \/>\n<meta property=\"og:description\" content=\"[vc_row full_width=&#8221;stretch_row&#8221; el_id=&#8221;section-header&#8221;][vc_column css=&#8221;.vc_custom_1588252206849{background-image: url(https:\/\/abbelen.de\/wp-content\/uploads\/2020\/04\/header-produkte.jpg?id=233) !important;background-position: center !important;background-repeat: no-repeat !important;background-size: cover !important;}&#8221; el_class=&#8221;produktbild&#8221;][\/vc_column][vc_column css=&#8221;.vc_custom_1588252194174{background-image: url(https:\/\/abbelen.de\/wp-content\/uploads\/2020\/04\/header-holz.jpg?id=235) !important;background-position: center !important;background-repeat: no-repeat !important;background-size: cover !important;}&#8221;][vc_row_inner el_class=&#8221;inhalt&#8221;][vc_column_inner el_class=&#8221;text-left text-lg-center&#8221;][vc_custom_heading source=&#8221;post_title&#8221; font_container=&#8221;tag:h1|text_align:left&#8221; use_theme_fonts=&#8221;yes&#8221;][\/vc_column_inner][\/vc_row_inner][\/vc_column][\/vc_row][vc_row el_class=&#8221;main-padding&#8221;][vc_column][vc_column_text el_id=&#8221;datenschutzerklaerung-1&#8243;] Address Abbelen GmbH Abbelen GmbH Kempener Str. 22 47918 T\u00f6nisvorst\/Germany Phone: +49 (0) 2156\/9789-0 Telefax: +49 (0) 2156\/9789-33 E-mail: info@abbelen.de Internet: www.abbelen.de Represented by: Dr. [&hellip;]\" \/>\n<meta property=\"og:url\" content=\"https:\/\/abbelen.de\/en\/imprint\/\" \/>\n<meta property=\"og:site_name\" content=\"Abbelen GmbH\" \/>\n<meta property=\"article:modified_time\" content=\"2024-11-20T12:08:42+00:00\" \/>\n<meta name=\"twitter:card\" content=\"summary_large_image\" \/>\n<meta name=\"twitter:label1\" content=\"Est. reading time\" \/>\n\t<meta name=\"twitter:data1\" content=\"3 minutes\" \/>\n<script type=\"application\/ld+json\" class=\"yoast-schema-graph\">{\"@context\":\"https:\/\/schema.org\",\"@graph\":[{\"@type\":\"WebPage\",\"@id\":\"https:\/\/abbelen.de\/en\/imprint\/\",\"url\":\"https:\/\/abbelen.de\/en\/imprint\/\",\"name\":\"Imprint - Abbelen GmbH\",\"isPartOf\":{\"@id\":\"https:\/\/abbelen.de\/en\/#website\"},\"datePublished\":\"2020-04-27T08:46:19+00:00\",\"dateModified\":\"2024-11-20T12:08:42+00:00\",\"breadcrumb\":{\"@id\":\"https:\/\/abbelen.de\/en\/imprint\/#breadcrumb\"},\"inLanguage\":\"en-US\",\"potentialAction\":[{\"@type\":\"ReadAction\",\"target\":[\"https:\/\/abbelen.de\/en\/imprint\/\"]}]},{\"@type\":\"BreadcrumbList\",\"@id\":\"https:\/\/abbelen.de\/en\/imprint\/#breadcrumb\",\"itemListElement\":[{\"@type\":\"ListItem\",\"position\":1,\"name\":\"Startseite\",\"item\":\"https:\/\/abbelen.de\/en\/\"},{\"@type\":\"ListItem\",\"position\":2,\"name\":\"Imprint\"}]},{\"@type\":\"WebSite\",\"@id\":\"https:\/\/abbelen.de\/en\/#website\",\"url\":\"https:\/\/abbelen.de\/en\/\",\"name\":\"Abbelen GmbH\",\"description\":\"Qualit\u00e4t, die man schmeckt.\",\"publisher\":{\"@id\":\"https:\/\/abbelen.de\/en\/#organization\"},\"potentialAction\":[{\"@type\":\"SearchAction\",\"target\":{\"@type\":\"EntryPoint\",\"urlTemplate\":\"https:\/\/abbelen.de\/en\/?s={search_term_string}\"},\"query-input\":\"required name=search_term_string\"}],\"inLanguage\":\"en-US\"},{\"@type\":\"Organization\",\"@id\":\"https:\/\/abbelen.de\/en\/#organization\",\"name\":\"Abbelen GmbH\",\"url\":\"https:\/\/abbelen.de\/en\/\",\"logo\":{\"@type\":\"ImageObject\",\"inLanguage\":\"en-US\",\"@id\":\"https:\/\/abbelen.de\/en\/#\/schema\/logo\/image\/\",\"url\":\"https:\/\/abbelen.de\/wp-content\/uploads\/2020\/05\/logo.png\",\"contentUrl\":\"https:\/\/abbelen.de\/wp-content\/uploads\/2020\/05\/logo.png\",\"width\":200,\"height\":74,\"caption\":\"Abbelen GmbH\"},\"image\":{\"@id\":\"https:\/\/abbelen.de\/en\/#\/schema\/logo\/image\/\"}}]}<\/script>\n<!-- \/ Yoast SEO plugin. -->","yoast_head_json":{"title":"Imprint - Abbelen GmbH","robots":{"index":"noindex","follow":"follow"},"og_locale":"en_US","og_type":"article","og_title":"Imprint - Abbelen GmbH","og_description":"[vc_row full_width=&#8221;stretch_row&#8221; el_id=&#8221;section-header&#8221;][vc_column css=&#8221;.vc_custom_1588252206849{background-image: url(https:\/\/abbelen.de\/wp-content\/uploads\/2020\/04\/header-produkte.jpg?id=233) !important;background-position: center !important;background-repeat: no-repeat !important;background-size: cover !important;}&#8221; el_class=&#8221;produktbild&#8221;][\/vc_column][vc_column css=&#8221;.vc_custom_1588252194174{background-image: url(https:\/\/abbelen.de\/wp-content\/uploads\/2020\/04\/header-holz.jpg?id=235) !important;background-position: center !important;background-repeat: no-repeat !important;background-size: cover !important;}&#8221;][vc_row_inner el_class=&#8221;inhalt&#8221;][vc_column_inner el_class=&#8221;text-left text-lg-center&#8221;][vc_custom_heading source=&#8221;post_title&#8221; font_container=&#8221;tag:h1|text_align:left&#8221; use_theme_fonts=&#8221;yes&#8221;][\/vc_column_inner][\/vc_row_inner][\/vc_column][\/vc_row][vc_row el_class=&#8221;main-padding&#8221;][vc_column][vc_column_text el_id=&#8221;datenschutzerklaerung-1&#8243;] Address Abbelen GmbH Abbelen GmbH Kempener Str. 22 47918 T\u00f6nisvorst\/Germany Phone: +49 (0) 2156\/9789-0 Telefax: +49 (0) 2156\/9789-33 E-mail: info@abbelen.de Internet: www.abbelen.de Represented by: Dr. [&hellip;]","og_url":"https:\/\/abbelen.de\/en\/imprint\/","og_site_name":"Abbelen GmbH","article_modified_time":"2024-11-20T12:08:42+00:00","twitter_card":"summary_large_image","twitter_misc":{"Est. reading time":"3 minutes"},"schema":{"@context":"https:\/\/schema.org","@graph":[{"@type":"WebPage","@id":"https:\/\/abbelen.de\/en\/imprint\/","url":"https:\/\/abbelen.de\/en\/imprint\/","name":"Imprint - Abbelen GmbH","isPartOf":{"@id":"https:\/\/abbelen.de\/en\/#website"},"datePublished":"2020-04-27T08:46:19+00:00","dateModified":"2024-11-20T12:08:42+00:00","breadcrumb":{"@id":"https:\/\/abbelen.de\/en\/imprint\/#breadcrumb"},"inLanguage":"en-US","potentialAction":[{"@type":"ReadAction","target":["https:\/\/abbelen.de\/en\/imprint\/"]}]},{"@type":"BreadcrumbList","@id":"https:\/\/abbelen.de\/en\/imprint\/#breadcrumb","itemListElement":[{"@type":"ListItem","position":1,"name":"Startseite","item":"https:\/\/abbelen.de\/en\/"},{"@type":"ListItem","position":2,"name":"Imprint"}]},{"@type":"WebSite","@id":"https:\/\/abbelen.de\/en\/#website","url":"https:\/\/abbelen.de\/en\/","name":"Abbelen GmbH","description":"Qualit\u00e4t, die man schmeckt.","publisher":{"@id":"https:\/\/abbelen.de\/en\/#organization"},"potentialAction":[{"@type":"SearchAction","target":{"@type":"EntryPoint","urlTemplate":"https:\/\/abbelen.de\/en\/?s={search_term_string}"},"query-input":"required name=search_term_string"}],"inLanguage":"en-US"},{"@type":"Organization","@id":"https:\/\/abbelen.de\/en\/#organization","name":"Abbelen GmbH","url":"https:\/\/abbelen.de\/en\/","logo":{"@type":"ImageObject","inLanguage":"en-US","@id":"https:\/\/abbelen.de\/en\/#\/schema\/logo\/image\/","url":"https:\/\/abbelen.de\/wp-content\/uploads\/2020\/05\/logo.png","contentUrl":"https:\/\/abbelen.de\/wp-content\/uploads\/2020\/05\/logo.png","width":200,"height":74,"caption":"Abbelen GmbH"},"image":{"@id":"https:\/\/abbelen.de\/en\/#\/schema\/logo\/image\/"}}]}},"_links":{"self":[{"href":"https:\/\/abbelen.de\/en\/wp-json\/wp\/v2\/pages\/68","targetHints":{"allow":["GET"]}}],"collection":[{"href":"https:\/\/abbelen.de\/en\/wp-json\/wp\/v2\/pages"}],"about":[{"href":"https:\/\/abbelen.de\/en\/wp-json\/wp\/v2\/types\/page"}],"author":[{"embeddable":true,"href":"https:\/\/abbelen.de\/en\/wp-json\/wp\/v2\/users\/1"}],"replies":[{"embeddable":true,"href":"https:\/\/abbelen.de\/en\/wp-json\/wp\/v2\/comments?post=68"}],"version-history":[{"count":6,"href":"https:\/\/abbelen.de\/en\/wp-json\/wp\/v2\/pages\/68\/revisions"}],"predecessor-version":[{"id":1896,"href":"https:\/\/abbelen.de\/en\/wp-json\/wp\/v2\/pages\/68\/revisions\/1896"}],"wp:attachment":[{"href":"https:\/\/abbelen.de\/en\/wp-json\/wp\/v2\/media?parent=68"}],"curies":[{"name":"wp","href":"https:\/\/api.w.org\/{rel}","templated":true}]}}